{"id":3,"date":"2025-04-21T11:36:03","date_gmt":"2025-04-21T11:36:03","guid":{"rendered":"https:\/\/swedenkitchen.ee\/?page_id=3"},"modified":"2025-09-24T12:58:10","modified_gmt":"2025-09-24T09:58:10","slug":"privacy-policy","status":"publish","type":"page","link":"https:\/\/swedenkitchen.ee\/en\/privacy-policy\/","title":{"rendered":"Privacy policy"},"content":{"rendered":"<p>This Privacy Policy describes how www.swedenkitchen.ee collects, uses and protects the personal information that you provide to us when you visit and shop online. Our aim is to ensure that your privacy is protected and your personal data is secure.<\/p><p><strong>1. Data controller<\/strong><\/p><p>The controller of your personal data is:&nbsp;<\/p><p>SwedenKitchen O\u00dc&nbsp;<\/p><p>Metsise 26 V\u00f5su alevik Haljala vald, Estonia<\/p><p>17185535<\/p><p>info@swedenkitchen.ee<\/p><p><strong>2. Collection and processing of personal data<\/strong><\/p><p>We collect your personal information for the following purposes:<\/p><ul class=\"wp-block-list\"><li><strong>Processing and filling orders:<\/strong> Information needed to receive, process, deliver and communicate with you about your orders.<\/li>\n\n<li><strong>Customer relationship management:<\/strong> To provide customer support, answer questions and handle complaints.<\/li>\n\n<li><strong>Ensuring e-shop functionality:<\/strong> To manage shopping cart content and improve the user experience.<\/li>\n\n<li><strong>Direct marketing:<\/strong> If you have given your consent, we will send you newsletters, offers and marketing communications. You always have the right to withdraw your consent at any time by clicking on the link at the end of the newsletter.<\/li>\n\n<li><strong>Website analysis:<\/strong> We collect non-personally identifiable information about you (e.g. IP address, web browser, pages visited) to analyse your use of the e-shop and improve our services.<\/li><\/ul><p><strong>3. Personal data collected<\/strong><\/p><p>Depending on your activity in the e-shop, we may collect the following information:<\/p><ul class=\"wp-block-list\"><li><strong>Personal data:<\/strong> Name and surname, e-mail address, telephone number, delivery address.<\/li>\n\n<li><strong>Payment details:<\/strong> We do not store or process customer payment data (e.g. credit card number). All payment processing takes place in a secure environment provided by third party payment service providers (e.g. Montonio, Stripe, PayPal).<\/li>\n\n<li><strong>Technical data:<\/strong> IP address, browser type, operating system, time and duration of visits.<\/li><\/ul><p><strong>4. Transfer of personal data to third parties<\/strong><\/p><p>We will transfer your personal data to third parties only for the purpose of providing the services and only to the extent necessary. These third parties are:<\/p><ul class=\"wp-block-list\"><li><strong>Courier service providers:<\/strong> For delivery of your orders.<\/li>\n\n<li><strong>Payment service providers:<\/strong> To receive payments.<\/li>\n\n<li><strong>IT service providers:<\/strong> To manage your website and databases. The information we provide is limited to what is necessary to provide the service.<\/li><\/ul><p><strong>5. Data retention<\/strong><\/p><p>We will keep your personal data for as long as it is necessary to fulfil the purpose for which it was collected.<\/p><ul class=\"wp-block-list\"><li>Data relating to purchase transactions are kept in accordance with accounting law.<\/li>\n\n<li>Data relating to customer relationships will be kept until the need to manage your orders has expired.<\/li>\n\n<li>The data of subscribers to the newsletter will be stored until consent is withdrawn.<\/li><\/ul><p><strong>6. Your rights<\/strong><\/p><p>You are right:<\/p><ul class=\"wp-block-list\"><li><strong>Access to your data:<\/strong> Visit your profile and see your saved data.<\/li>\n\n<li><strong>Request corrections:<\/strong> Ask to correct incorrect information.<\/li>\n\n<li><strong>N\u00f5uda andmete kustutamist (&#8220;\u00f5igus olla unustatud&#8221;):<\/strong> Request the deletion of your data when it is no longer needed.<\/li>\n\n<li><strong>Data portability:<\/strong> Send your data in machine-readable form or ask for it to be transferred to another service provider.<\/li>\n\n<li><strong>Withdraw consent:<\/strong> Withdraw your consent to the processing of your data (e.g. for direct marketing).<\/li>\n\n<li><strong>Objections:<\/strong> Object to the processing of your data.<\/li><\/ul><p><strong>7. Security measures<\/strong><\/p><p>We take all necessary physical, organisational and technical security measures to protect your data against accidental or unlawful destruction, alteration, disclosure or unauthorised access.<\/p><p><strong>8. Changes to the Privacy Policy<\/strong><\/p><p>We reserve the right to change this Privacy Policy at any time. Changes will take effect upon publication on the e-shop website.<\/p><p><strong>9. Questions and contact<\/strong><\/p><p>If you have any questions about this privacy policy, please contact us by email at info@swedenkitchen.ee.<\/p>","protected":false},"excerpt":{"rendered":"<p>K\u00e4esolev privaatsuspoliitika kirjeldab, kuidas www.swedenkitchen.ee kogub, kasutab ja kaitseb Teie isikuandmeid, mida Te meile e-poe k\u00fclastamise ja ostude sooritamise k\u00e4igus annate. Meie eesm\u00e4rk on tagada Teie privaatsuse kaitse ja isikuandmete turvalisus. 1. Isikuandmete vastutav t\u00f6\u00f6tleja Teie isikuandmete vastutav t\u00f6\u00f6tleja on:&nbsp; SwedenKitchen O\u00dc&nbsp; Metsise 26 V\u00f5su alevik Haljala vald, Eesti 17185535 info@swedenkitchen.ee 2. Isikuandmete kogumine ja [&hellip;]<\/p>","protected":false},"author":1,"featured_media":0,"parent":0,"menu_order":0,"comment_status":"closed","ping_status":"open","template":"","meta":{"_acf_changed":false,"footnotes":""},"class_list":["post-3","page","type-page","status-publish","hentry"],"acf":[],"_links":{"self":[{"href":"https:\/\/swedenkitchen.ee\/en\/wp-json\/wp\/v2\/pages\/3","targetHints":{"allow":["GET"]}}],"collection":[{"href":"https:\/\/swedenkitchen.ee\/en\/wp-json\/wp\/v2\/pages"}],"about":[{"href":"https:\/\/swedenkitchen.ee\/en\/wp-json\/wp\/v2\/types\/page"}],"author":[{"embeddable":true,"href":"https:\/\/swedenkitchen.ee\/en\/wp-json\/wp\/v2\/users\/1"}],"replies":[{"embeddable":true,"href":"https:\/\/swedenkitchen.ee\/en\/wp-json\/wp\/v2\/comments?post=3"}],"version-history":[{"count":2,"href":"https:\/\/swedenkitchen.ee\/en\/wp-json\/wp\/v2\/pages\/3\/revisions"}],"predecessor-version":[{"id":1968,"href":"https:\/\/swedenkitchen.ee\/en\/wp-json\/wp\/v2\/pages\/3\/revisions\/1968"}],"wp:attachment":[{"href":"https:\/\/swedenkitchen.ee\/en\/wp-json\/wp\/v2\/media?parent=3"}],"curies":[{"name":"wp","href":"https:\/\/api.w.org\/{rel}","templated":true}]}}